{"id":14,"date":"2019-05-13T17:21:14","date_gmt":"2019-05-13T20:21:14","guid":{"rendered":"https:\/\/traduciencia.com.br\/site\/?page_id=14"},"modified":"2024-10-30T12:18:06","modified_gmt":"2024-10-30T15:18:06","slug":"servicos","status":"publish","type":"page","link":"https:\/\/traduciencia.com.br\/site\/servicos\/","title":{"rendered":"Servi\u00e7os"},"content":{"rendered":"\t\t<div data-elementor-type=\"wp-page\" data-elementor-id=\"14\" class=\"elementor elementor-14\" data-elementor-post-type=\"page\">\n\t\t\t\t<div class=\"elementor-element elementor-element-2619f349 e-flex e-con-boxed e-con e-parent\" data-id=\"2619f349\" data-element_type=\"container\">\n\t\t\t\t\t<div class=\"e-con-inner\">\n\t\t\t\t<div class=\"elementor-element elementor-element-a40c332 elementor-widget elementor-widget-text-editor\" data-id=\"a40c332\" data-element_type=\"widget\" data-widget_type=\"text-editor.default\">\n\t\t\t\t<div class=\"elementor-widget-container\">\n\t\t\t\t\t\t\t<p>A tradu\u00e7\u00e3o e revis\u00e3o de textos cient\u00edficos exige habilidades espec\u00edficas; nossa equipe \u00e9 composta por tradutores nativos altamente qualificados com mais de 18 anos de experi\u00eancia e expertise em diversas \u00e1reas cient\u00edficas. No intuito de fornecer tradu\u00e7\u00f5es com a m\u00e1xima qualidade, todas as tradu\u00e7\u00f5es s\u00e3o realizadas por tradutores nativos na l\u00edngua inglesa e depois revisadas por um segundo tradutor nativo antes de serem entregues ao cliente, sem nenhum custo adicional. O mesmo vale para revis\u00f5es. Ou seja, todo artigo traduzido ou revisado passa por dois tradutores nativos e experientes. <br \/>Oferecemos qualidade e agilidade a pre\u00e7os competitivos, al\u00e9m de condi\u00e7\u00f5es especiais para autores de algumas revistas cient\u00edficas espec\u00edficas, instui\u00e7\u00f5es de ensino, programas de p\u00f3s-gradua\u00e7\u00e3o, grupos de pesquisa e empresas no ramo da ci\u00eancia e pesquisa.<\/p>\t\t\t\t\t\t<\/div>\n\t\t\t\t<\/div>\n\t\t<div class=\"elementor-element elementor-element-fa8c20b e-grid e-con-full e-con e-child\" data-id=\"fa8c20b\" data-element_type=\"container\">\n\t\t<div class=\"elementor-element elementor-element-4c346c8 e-con-full e-flex e-con e-child\" data-id=\"4c346c8\" data-element_type=\"container\">\n\t\t\t\t<div class=\"elementor-element elementor-element-690031b content-align-center the7-hover-visibility-disabled transform-overlay-yes exceeding-frame-yes elementor-widget elementor-widget-the7-image-widget\" data-id=\"690031b\" data-element_type=\"widget\" data-settings=\"{&quot;hover_visibility&quot;:&quot;disabled&quot;}\" data-widget_type=\"the7-image-widget.default\">\n\t\t\t\t<div class=\"elementor-widget-container\">\n\t\t\t<div class=\"the7-image-container\"><div class=\"the7-image-wrapper the7-elementor-widget the7-transform-container\"><a class=\"post-thumbnail-rollover layzr-bg img-css-resize-wrapper\" href=\"https:\/\/traduciencia.com.br\/site\/traducao\/\"><img fetchpriority=\"high\" decoding=\"async\" width=\"600\" height=\"600\" src=\"data:image\/svg+xml,%3Csvg%20xmlns%3D&#039;http%3A%2F%2Fwww.w3.org%2F2000%2Fsvg&#039;%20viewBox%3D&#039;0%200%20600%20600&#039;%2F%3E\" class=\"attachment-full size-full preload-me aspect lazy lazy-load\" alt=\"\" sizes=\"(max-width: 600px) 100vw, 600px\" style=\"--ratio: 600 \/ 600;\" data-src=\"https:\/\/traduciencia.com.br\/site\/wp-content\/uploads\/2024\/10\/home5.png\" loading=\"eager\" data-srcset=\"https:\/\/traduciencia.com.br\/site\/wp-content\/uploads\/2024\/10\/home5.png 600w, https:\/\/traduciencia.com.br\/site\/wp-content\/uploads\/2024\/10\/home5-300x300.png 300w, https:\/\/traduciencia.com.br\/site\/wp-content\/uploads\/2024\/10\/home5-150x150.png 150w\" \/><\/a><\/div><\/div>\t\t<\/div>\n\t\t\t\t<\/div>\n\t\t\t\t<div class=\"elementor-element elementor-element-c8b341d elementor-widget elementor-widget-heading\" data-id=\"c8b341d\" data-element_type=\"widget\" data-widget_type=\"heading.default\">\n\t\t\t\t<div class=\"elementor-widget-container\">\n\t\t\t<h2 class=\"elementor-heading-title elementor-size-default\">Tradu\u00e7\u00e3o<\/h2>\t\t<\/div>\n\t\t\t\t<\/div>\n\t\t\t\t<\/div>\n\t\t<div class=\"elementor-element elementor-element-519503e e-con-full e-flex e-con e-child\" data-id=\"519503e\" data-element_type=\"container\">\n\t\t\t\t<div class=\"elementor-element elementor-element-ffa16cc content-align-center the7-hover-visibility-disabled transform-overlay-yes exceeding-frame-yes elementor-widget elementor-widget-the7-image-widget\" data-id=\"ffa16cc\" data-element_type=\"widget\" data-settings=\"{&quot;hover_visibility&quot;:&quot;disabled&quot;}\" data-widget_type=\"the7-image-widget.default\">\n\t\t\t\t<div class=\"elementor-widget-container\">\n\t\t\t<div class=\"the7-image-container\"><div class=\"the7-image-wrapper the7-elementor-widget the7-transform-container\"><a class=\"post-thumbnail-rollover layzr-bg img-css-resize-wrapper\" href=\"https:\/\/traduciencia.com.br\/site\/revisao\/\"><img decoding=\"async\" width=\"600\" height=\"600\" src=\"data:image\/svg+xml,%3Csvg%20xmlns%3D&#039;http%3A%2F%2Fwww.w3.org%2F2000%2Fsvg&#039;%20viewBox%3D&#039;0%200%20600%20600&#039;%2F%3E\" class=\"attachment-full size-full preload-me aspect lazy lazy-load\" alt=\"\" sizes=\"(max-width: 600px) 100vw, 600px\" style=\"--ratio: 600 \/ 600;\" data-src=\"https:\/\/traduciencia.com.br\/site\/wp-content\/uploads\/2024\/10\/revisao.png\" loading=\"eager\" data-srcset=\"https:\/\/traduciencia.com.br\/site\/wp-content\/uploads\/2024\/10\/revisao.png 600w, https:\/\/traduciencia.com.br\/site\/wp-content\/uploads\/2024\/10\/revisao-300x300.png 300w, https:\/\/traduciencia.com.br\/site\/wp-content\/uploads\/2024\/10\/revisao-150x150.png 150w\" \/><\/a><\/div><\/div>\t\t<\/div>\n\t\t\t\t<\/div>\n\t\t\t\t<div class=\"elementor-element elementor-element-ff3416a elementor-widget elementor-widget-heading\" data-id=\"ff3416a\" data-element_type=\"widget\" data-widget_type=\"heading.default\">\n\t\t\t\t<div class=\"elementor-widget-container\">\n\t\t\t<h2 class=\"elementor-heading-title elementor-size-default\">Revis\u00e3o<\/h2>\t\t<\/div>\n\t\t\t\t<\/div>\n\t\t\t\t<\/div>\n\t\t<div class=\"elementor-element elementor-element-4594328 e-con-full e-flex e-con e-child\" data-id=\"4594328\" data-element_type=\"container\">\n\t\t\t\t<div class=\"elementor-element elementor-element-10a6035 content-align-center the7-hover-visibility-disabled transform-overlay-yes exceeding-frame-yes elementor-widget elementor-widget-the7-image-widget\" data-id=\"10a6035\" data-element_type=\"widget\" data-settings=\"{&quot;hover_visibility&quot;:&quot;disabled&quot;}\" data-widget_type=\"the7-image-widget.default\">\n\t\t\t\t<div class=\"elementor-widget-container\">\n\t\t\t<div class=\"the7-image-container\"><div class=\"the7-image-wrapper the7-elementor-widget the7-transform-container\"><a class=\"post-thumbnail-rollover layzr-bg img-css-resize-wrapper\" href=\"https:\/\/traduciencia.com.br\/site\/assistencia-pos-traducao\/\"><img decoding=\"async\" width=\"600\" height=\"600\" src=\"data:image\/svg+xml,%3Csvg%20xmlns%3D&#039;http%3A%2F%2Fwww.w3.org%2F2000%2Fsvg&#039;%20viewBox%3D&#039;0%200%20600%20600&#039;%2F%3E\" class=\"attachment-full size-full preload-me aspect lazy lazy-load\" alt=\"\" sizes=\"(max-width: 600px) 100vw, 600px\" style=\"--ratio: 600 \/ 600;\" data-src=\"https:\/\/traduciencia.com.br\/site\/wp-content\/uploads\/2024\/10\/assistenciA.png\" loading=\"eager\" data-srcset=\"https:\/\/traduciencia.com.br\/site\/wp-content\/uploads\/2024\/10\/assistenciA.png 600w, https:\/\/traduciencia.com.br\/site\/wp-content\/uploads\/2024\/10\/assistenciA-300x300.png 300w, https:\/\/traduciencia.com.br\/site\/wp-content\/uploads\/2024\/10\/assistenciA-150x150.png 150w\" \/><\/a><\/div><\/div>\t\t<\/div>\n\t\t\t\t<\/div>\n\t\t\t\t<div class=\"elementor-element elementor-element-f23ab94 elementor-widget elementor-widget-heading\" data-id=\"f23ab94\" data-element_type=\"widget\" data-widget_type=\"heading.default\">\n\t\t\t\t<div class=\"elementor-widget-container\">\n\t\t\t<h2 class=\"elementor-heading-title elementor-size-default\">Assist\u00eancia P\u00f3s-Tradu\u00e7\u00e3o<\/h2>\t\t<\/div>\n\t\t\t\t<\/div>\n\t\t\t\t<\/div>\n\t\t<div class=\"elementor-element elementor-element-c4e59e4 e-con-full e-flex e-con e-child\" data-id=\"c4e59e4\" data-element_type=\"container\">\n\t\t\t\t<div class=\"elementor-element elementor-element-e0392fa content-align-center the7-hover-visibility-disabled transform-overlay-yes exceeding-frame-yes elementor-widget elementor-widget-the7-image-widget\" data-id=\"e0392fa\" data-element_type=\"widget\" data-settings=\"{&quot;hover_visibility&quot;:&quot;disabled&quot;}\" data-widget_type=\"the7-image-widget.default\">\n\t\t\t\t<div class=\"elementor-widget-container\">\n\t\t\t<div class=\"the7-image-container\"><div class=\"the7-image-wrapper the7-elementor-widget the7-transform-container\"><a class=\"post-thumbnail-rollover layzr-bg img-css-resize-wrapper\" href=\"https:\/\/traduciencia.com.br\/site\/declaracao-de-traducao\/\"><img decoding=\"async\" width=\"600\" height=\"600\" src=\"data:image\/svg+xml,%3Csvg%20xmlns%3D&#039;http%3A%2F%2Fwww.w3.org%2F2000%2Fsvg&#039;%20viewBox%3D&#039;0%200%20600%20600&#039;%2F%3E\" class=\"attachment-full size-full preload-me aspect lazy lazy-load\" alt=\"\" sizes=\"(max-width: 600px) 100vw, 600px\" style=\"--ratio: 600 \/ 600;\" data-src=\"https:\/\/traduciencia.com.br\/site\/wp-content\/uploads\/2024\/10\/declaracao.png\" loading=\"eager\" data-srcset=\"https:\/\/traduciencia.com.br\/site\/wp-content\/uploads\/2024\/10\/declaracao.png 600w, https:\/\/traduciencia.com.br\/site\/wp-content\/uploads\/2024\/10\/declaracao-300x300.png 300w, https:\/\/traduciencia.com.br\/site\/wp-content\/uploads\/2024\/10\/declaracao-150x150.png 150w\" \/><\/a><\/div><\/div>\t\t<\/div>\n\t\t\t\t<\/div>\n\t\t\t\t<div class=\"elementor-element elementor-element-83552d4 elementor-widget elementor-widget-heading\" data-id=\"83552d4\" data-element_type=\"widget\" data-widget_type=\"heading.default\">\n\t\t\t\t<div class=\"elementor-widget-container\">\n\t\t\t<h2 class=\"elementor-heading-title elementor-size-default\">Declara\u00e7\u00e3o de Tradu\u00e7\u00e3o<\/h2>\t\t<\/div>\n\t\t\t\t<\/div>\n\t\t\t\t<\/div>\n\t\t<div class=\"elementor-element elementor-element-0b10d6d e-con-full e-flex e-con e-child\" data-id=\"0b10d6d\" data-element_type=\"container\">\n\t\t\t\t<div class=\"elementor-element elementor-element-6ad921c content-align-center the7-hover-visibility-disabled transform-overlay-yes exceeding-frame-yes elementor-widget elementor-widget-the7-image-widget\" data-id=\"6ad921c\" data-element_type=\"widget\" data-settings=\"{&quot;hover_visibility&quot;:&quot;disabled&quot;}\" data-widget_type=\"the7-image-widget.default\">\n\t\t\t\t<div class=\"elementor-widget-container\">\n\t\t\t<div class=\"the7-image-container\"><div class=\"the7-image-wrapper the7-elementor-widget the7-transform-container\"><a class=\"post-thumbnail-rollover layzr-bg img-css-resize-wrapper\" href=\"https:\/\/traduciencia.com.br\/site\/deposito-para-trabalhos-futuros\/\"><img decoding=\"async\" width=\"600\" height=\"600\" src=\"data:image\/svg+xml,%3Csvg%20xmlns%3D&#039;http%3A%2F%2Fwww.w3.org%2F2000%2Fsvg&#039;%20viewBox%3D&#039;0%200%20600%20600&#039;%2F%3E\" class=\"attachment-full size-full preload-me aspect lazy lazy-load\" alt=\"\" sizes=\"(max-width: 600px) 100vw, 600px\" style=\"--ratio: 600 \/ 600;\" data-src=\"https:\/\/traduciencia.com.br\/site\/wp-content\/uploads\/2024\/10\/deposito-fut.png\" loading=\"eager\" data-srcset=\"https:\/\/traduciencia.com.br\/site\/wp-content\/uploads\/2024\/10\/deposito-fut.png 600w, https:\/\/traduciencia.com.br\/site\/wp-content\/uploads\/2024\/10\/deposito-fut-300x300.png 300w, https:\/\/traduciencia.com.br\/site\/wp-content\/uploads\/2024\/10\/deposito-fut-150x150.png 150w\" \/><\/a><\/div><\/div>\t\t<\/div>\n\t\t\t\t<\/div>\n\t\t\t\t<div class=\"elementor-element elementor-element-15e8a2e elementor-widget elementor-widget-heading\" data-id=\"15e8a2e\" data-element_type=\"widget\" data-widget_type=\"heading.default\">\n\t\t\t\t<div class=\"elementor-widget-container\">\n\t\t\t<h2 class=\"elementor-heading-title elementor-size-default\">Dep\u00f3sito para Trabalhos Futuros<\/h2>\t\t<\/div>\n\t\t\t\t<\/div>\n\t\t\t\t<\/div>\n\t\t<div class=\"elementor-element elementor-element-aea57fa e-con-full e-flex e-con e-child\" data-id=\"aea57fa\" data-element_type=\"container\">\n\t\t\t\t<div class=\"elementor-element elementor-element-ea20f8a content-align-center the7-hover-visibility-disabled transform-overlay-yes exceeding-frame-yes elementor-widget elementor-widget-the7-image-widget\" data-id=\"ea20f8a\" data-element_type=\"widget\" data-settings=\"{&quot;hover_visibility&quot;:&quot;disabled&quot;}\" data-widget_type=\"the7-image-widget.default\">\n\t\t\t\t<div class=\"elementor-widget-container\">\n\t\t\t<div class=\"the7-image-container\"><div class=\"the7-image-wrapper the7-elementor-widget the7-transform-container\"><a class=\"post-thumbnail-rollover layzr-bg img-css-resize-wrapper\" href=\"https:\/\/traduciencia.com.br\/site\/parceria\/\"><img decoding=\"async\" width=\"600\" height=\"600\" src=\"data:image\/svg+xml,%3Csvg%20xmlns%3D&#039;http%3A%2F%2Fwww.w3.org%2F2000%2Fsvg&#039;%20viewBox%3D&#039;0%200%20600%20600&#039;%2F%3E\" class=\"attachment-full size-full preload-me aspect lazy lazy-load\" alt=\"\" sizes=\"(max-width: 600px) 100vw, 600px\" style=\"--ratio: 600 \/ 600;\" data-src=\"https:\/\/traduciencia.com.br\/site\/wp-content\/uploads\/2024\/10\/parceria.png\" loading=\"eager\" data-srcset=\"https:\/\/traduciencia.com.br\/site\/wp-content\/uploads\/2024\/10\/parceria.png 600w, https:\/\/traduciencia.com.br\/site\/wp-content\/uploads\/2024\/10\/parceria-300x300.png 300w, https:\/\/traduciencia.com.br\/site\/wp-content\/uploads\/2024\/10\/parceria-150x150.png 150w\" \/><\/a><\/div><\/div>\t\t<\/div>\n\t\t\t\t<\/div>\n\t\t\t\t<div class=\"elementor-element elementor-element-fcd51f7 elementor-widget elementor-widget-heading\" data-id=\"fcd51f7\" data-element_type=\"widget\" data-widget_type=\"heading.default\">\n\t\t\t\t<div class=\"elementor-widget-container\">\n\t\t\t<h2 class=\"elementor-heading-title elementor-size-default\">Parcerias<\/h2>\t\t<\/div>\n\t\t\t\t<\/div>\n\t\t\t\t<\/div>\n\t\t\t\t<\/div>\n\t\t\t\t\t<\/div>\n\t\t\t\t<\/div>\n\t\t\t\t<\/div>\n\t\t","protected":false},"excerpt":{"rendered":"<p>A tradu\u00e7\u00e3o e revis\u00e3o de textos cient\u00edficos exige habilidades espec\u00edficas; nossa equipe \u00e9 composta por tradutores nativos altamente qualificados com mais de 18 anos de experi\u00eancia e expertise em diversas \u00e1reas cient\u00edficas. No intuito de fornecer tradu\u00e7\u00f5es com a m\u00e1xima qualidade, todas as tradu\u00e7\u00f5es s\u00e3o realizadas por tradutores nativos na l\u00edngua inglesa e depois revisadas&hellip;<\/p>\n","protected":false},"author":1,"featured_media":0,"parent":0,"menu_order":0,"comment_status":"closed","ping_status":"closed","template":"","meta":{"_joinchat":[],"footnotes":""},"class_list":["post-14","page","type-page","status-publish","hentry"],"_links":{"self":[{"href":"https:\/\/traduciencia.com.br\/site\/wp-json\/wp\/v2\/pages\/14","targetHints":{"allow":["GET"]}}],"collection":[{"href":"https:\/\/traduciencia.com.br\/site\/wp-json\/wp\/v2\/pages"}],"about":[{"href":"https:\/\/traduciencia.com.br\/site\/wp-json\/wp\/v2\/types\/page"}],"author":[{"embeddable":true,"href":"https:\/\/traduciencia.com.br\/site\/wp-json\/wp\/v2\/users\/1"}],"replies":[{"embeddable":true,"href":"https:\/\/traduciencia.com.br\/site\/wp-json\/wp\/v2\/comments?post=14"}],"version-history":[{"count":143,"href":"https:\/\/traduciencia.com.br\/site\/wp-json\/wp\/v2\/pages\/14\/revisions"}],"predecessor-version":[{"id":22599,"href":"https:\/\/traduciencia.com.br\/site\/wp-json\/wp\/v2\/pages\/14\/revisions\/22599"}],"wp:attachment":[{"href":"https:\/\/traduciencia.com.br\/site\/wp-json\/wp\/v2\/media?parent=14"}],"curies":[{"name":"wp","href":"https:\/\/api.w.org\/{rel}","templated":true}]}}