{"id":17,"date":"2019-05-13T17:27:03","date_gmt":"2019-05-13T20:27:03","guid":{"rendered":"https:\/\/traduciencia.com.br\/site\/?page_id=17"},"modified":"2024-10-26T19:03:59","modified_gmt":"2024-10-26T22:03:59","slug":"orcamento","status":"publish","type":"page","link":"https:\/\/traduciencia.com.br\/site\/orcamento\/","title":{"rendered":"Or\u00e7amento"},"content":{"rendered":"\t\t<div data-elementor-type=\"wp-page\" data-elementor-id=\"17\" class=\"elementor elementor-17\" data-elementor-post-type=\"page\">\n\t\t\t\t<div class=\"elementor-element elementor-element-3c5c76ab e-flex e-con-boxed e-con e-parent\" data-id=\"3c5c76ab\" data-element_type=\"container\">\n\t\t\t\t\t<div class=\"e-con-inner\">\n\t\t\t\t<div class=\"elementor-element elementor-element-7cf63b8 elementor-widget elementor-widget-text-editor\" data-id=\"7cf63b8\" data-element_type=\"widget\" data-widget_type=\"text-editor.default\">\n\t\t\t\t<div class=\"elementor-widget-container\">\n\t\t\t\t\t\t\t<!-- wp:columns -->\n<div class=\"wp-block-columns has-2-columns\"><!-- wp:column -->\n<div class=\"wp-block-column\"><!-- wp:paragraph -->\n<p>Favor enviar seu arquivo em formato Word, PowerPoint ou Excel para que possamos fazer a contagem das palavras.<\/p>\n<p>Lembre-se de incluir as Tabelas e Figuras, pois s\u00f3 podemos fornecer uma declara\u00e7\u00e3o de tradu\u00e7\u00e3o ou revis\u00e3o quando traduzimos\/revisamos o artigo todo, incluindo tabelas e figuras e suas legendas e t\u00edtulos. Apenas o conte\u00fado que ser\u00e1 traduzido ou revisado ser\u00e1 contabilizado para fins de or\u00e7amento.<\/p>\n<p>O limite para arquivos \u00e9 de 20 mb. Voc\u00ea tamb\u00e9m pode enviar seu artigo diretamente para o nosso e-mail: contato@traduciencia.com.br<\/p>\n<!-- \/wp:paragraph --><\/div>\n<!-- \/wp:column --><!-- wp:column -->\n<div class=\"wp-block-column\"><!-- wp:shortcode --> \n<div class=\"wpcf7 no-js\" id=\"wpcf7-f40-p17-o1\" lang=\"pt-BR\" dir=\"ltr\" data-wpcf7-id=\"40\">\n<div class=\"screen-reader-response\"><p role=\"status\" aria-live=\"polite\" aria-atomic=\"true\"><\/p> <ul><\/ul><\/div>\n<form action=\"\/site\/orcamento\/#wpcf7-f40-p17-o1\" method=\"post\" class=\"wpcf7-form init\" aria-label=\"Formul\u00e1rios de contato\" enctype=\"multipart\/form-data\" novalidate=\"novalidate\" data-status=\"init\">\n<div style=\"display: none;\">\n<input type=\"hidden\" name=\"_wpcf7\" value=\"40\" \/>\n<input type=\"hidden\" name=\"_wpcf7_version\" value=\"6.0.1\" \/>\n<input type=\"hidden\" name=\"_wpcf7_locale\" value=\"pt_BR\" \/>\n<input type=\"hidden\" name=\"_wpcf7_unit_tag\" value=\"wpcf7-f40-p17-o1\" \/>\n<input type=\"hidden\" name=\"_wpcf7_container_post\" value=\"17\" \/>\n<input type=\"hidden\" name=\"_wpcf7_posted_data_hash\" value=\"\" \/>\n<\/div>\n<p><label> Seu nome (*)<br \/>\n<span class=\"wpcf7-form-control-wrap\" data-name=\"your-name\"><input size=\"40\" maxlength=\"400\" class=\"wpcf7-form-control wpcf7-text wpcf7-validates-as-required\" aria-required=\"true\" aria-invalid=\"false\" value=\"\" type=\"text\" name=\"your-name\" \/><\/span> <\/label>\n<\/p>\n<p><label> Seu e-mail (*)<br \/>\n<span class=\"wpcf7-form-control-wrap\" data-name=\"your-email\"><input size=\"40\" maxlength=\"400\" class=\"wpcf7-form-control wpcf7-email wpcf7-validates-as-required wpcf7-text wpcf7-validates-as-email\" aria-required=\"true\" aria-invalid=\"false\" value=\"\" type=\"email\" name=\"your-email\" \/><\/span> <\/label>\n<\/p>\n<p><label> Telefone<br \/>\n<span class=\"wpcf7-form-control-wrap\" data-name=\"your-tel\"><input size=\"40\" maxlength=\"400\" class=\"wpcf7-form-control wpcf7-text\" aria-invalid=\"false\" value=\"\" type=\"text\" name=\"your-tel\" \/><\/span> <\/label>\n<\/p>\n<p><label> Sua mensagem<br \/>\n<span class=\"wpcf7-form-control-wrap\" data-name=\"your-message\"><textarea cols=\"40\" rows=\"10\" maxlength=\"2000\" class=\"wpcf7-form-control wpcf7-textarea\" aria-invalid=\"false\" name=\"your-message\"><\/textarea><\/span> <\/label>\n<\/p>\n<p><span class=\"wpcf7-form-control-wrap\" data-name=\"arquivo\"><input size=\"40\" class=\"wpcf7-form-control wpcf7-file\" accept=\".doc,.txt,.docx,.ppt,.pps,.pdf,.zip,.rar\" aria-invalid=\"false\" type=\"file\" name=\"arquivo\" \/><\/span>\n<\/p>\n<p><input class=\"wpcf7-form-control wpcf7-submit has-spinner\" type=\"submit\" value=\"Enviar\" \/>\n<\/p><div class=\"wpcf7-response-output\" aria-hidden=\"true\"><\/div>\n<\/form>\n<\/div>\n <!-- \/wp:shortcode --><\/div>\n<!-- \/wp:column --><\/div>\n<!-- \/wp:columns -->\t\t\t\t\t\t<\/div>\n\t\t\t\t<\/div>\n\t\t\t\t<div class=\"elementor-element elementor-element-16b0b1a elementor-widget elementor-widget-spacer\" data-id=\"16b0b1a\" data-element_type=\"widget\" data-widget_type=\"spacer.default\">\n\t\t\t\t<div class=\"elementor-widget-container\">\n\t\t\t\t\t<div class=\"elementor-spacer\">\n\t\t\t<div class=\"elementor-spacer-inner\"><\/div>\n\t\t<\/div>\n\t\t\t\t<\/div>\n\t\t\t\t<\/div>\n\t\t\t\t\t<\/div>\n\t\t\t\t<\/div>\n\t\t\t\t<\/div>\n\t\t","protected":false},"excerpt":{"rendered":"<p>Favor enviar seu arquivo em formato Word, PowerPoint ou Excel para que possamos fazer a contagem das palavras. Lembre-se de incluir as Tabelas e Figuras, pois s\u00f3 podemos fornecer uma declara\u00e7\u00e3o de tradu\u00e7\u00e3o ou revis\u00e3o quando traduzimos\/revisamos o artigo todo, incluindo tabelas e figuras e suas legendas e t\u00edtulos. Apenas o conte\u00fado que ser\u00e1 traduzido&hellip;<\/p>\n","protected":false},"author":1,"featured_media":0,"parent":0,"menu_order":0,"comment_status":"closed","ping_status":"closed","template":"","meta":{"_joinchat":[],"footnotes":""},"class_list":["post-17","page","type-page","status-publish","hentry"],"_links":{"self":[{"href":"https:\/\/traduciencia.com.br\/site\/wp-json\/wp\/v2\/pages\/17","targetHints":{"allow":["GET"]}}],"collection":[{"href":"https:\/\/traduciencia.com.br\/site\/wp-json\/wp\/v2\/pages"}],"about":[{"href":"https:\/\/traduciencia.com.br\/site\/wp-json\/wp\/v2\/types\/page"}],"author":[{"embeddable":true,"href":"https:\/\/traduciencia.com.br\/site\/wp-json\/wp\/v2\/users\/1"}],"replies":[{"embeddable":true,"href":"https:\/\/traduciencia.com.br\/site\/wp-json\/wp\/v2\/comments?post=17"}],"version-history":[{"count":78,"href":"https:\/\/traduciencia.com.br\/site\/wp-json\/wp\/v2\/pages\/17\/revisions"}],"predecessor-version":[{"id":22189,"href":"https:\/\/traduciencia.com.br\/site\/wp-json\/wp\/v2\/pages\/17\/revisions\/22189"}],"wp:attachment":[{"href":"https:\/\/traduciencia.com.br\/site\/wp-json\/wp\/v2\/media?parent=17"}],"curies":[{"name":"wp","href":"https:\/\/api.w.org\/{rel}","templated":true}]}}