{"id":21024,"date":"2024-10-15T18:30:05","date_gmt":"2024-10-15T21:30:05","guid":{"rendered":"https:\/\/traduciencia.com.br\/site\/traducao-copy\/"},"modified":"2024-11-05T14:27:41","modified_gmt":"2024-11-05T17:27:41","slug":"revisao","status":"publish","type":"page","link":"https:\/\/traduciencia.com.br\/site\/revisao\/","title":{"rendered":"Revis\u00e3o"},"content":{"rendered":"\t\t<div data-elementor-type=\"wp-page\" data-elementor-id=\"21024\" class=\"elementor elementor-21024\" data-elementor-post-type=\"page\">\n\t\t\t\t<div class=\"elementor-element elementor-element-598a8fc e-con-full e-flex e-con e-parent\" data-id=\"598a8fc\" data-element_type=\"container\">\n\t\t\t\t<div class=\"elementor-element elementor-element-e7dcb98 content-align-center elementor-hidden-desktop the7-hover-visibility-disabled transform-overlay-yes exceeding-frame-yes elementor-widget elementor-widget-the7-image-widget\" data-id=\"e7dcb98\" data-element_type=\"widget\" data-settings=\"{&quot;hover_visibility&quot;:&quot;disabled&quot;}\" data-widget_type=\"the7-image-widget.default\">\n\t\t\t\t<div class=\"elementor-widget-container\">\n\t\t\t<div class=\"the7-image-container\"><div class=\"the7-image-wrapper the7-elementor-widget the7-transform-container\"><a class=\"post-thumbnail-rollover layzr-bg img-css-resize-wrapper\" href=\"https:\/\/traduciencia.com.br\/site\/revisao\/\"><img fetchpriority=\"high\" decoding=\"async\" width=\"600\" height=\"600\" src=\"data:image\/svg+xml,%3Csvg%20xmlns%3D&#039;http%3A%2F%2Fwww.w3.org%2F2000%2Fsvg&#039;%20viewBox%3D&#039;0%200%20600%20600&#039;%2F%3E\" class=\"attachment-full size-full preload-me aspect lazy lazy-load\" alt=\"\" sizes=\"(max-width: 600px) 100vw, 600px\" style=\"--ratio: 600 \/ 600;\" data-src=\"https:\/\/traduciencia.com.br\/site\/wp-content\/uploads\/2024\/10\/revisao.png\" loading=\"eager\" data-srcset=\"https:\/\/traduciencia.com.br\/site\/wp-content\/uploads\/2024\/10\/revisao.png 600w, https:\/\/traduciencia.com.br\/site\/wp-content\/uploads\/2024\/10\/revisao-300x300.png 300w, https:\/\/traduciencia.com.br\/site\/wp-content\/uploads\/2024\/10\/revisao-150x150.png 150w\" \/><\/a><\/div><\/div>\t\t<\/div>\n\t\t\t\t<\/div>\n\t\t\t\t<div class=\"elementor-element elementor-element-a56c030 elementor-widget elementor-widget-text-editor\" data-id=\"a56c030\" data-element_type=\"widget\" data-widget_type=\"text-editor.default\">\n\t\t\t\t<div class=\"elementor-widget-container\">\n\t\t\t\t\t\t\t<p>O servi\u00e7o de revis\u00e3o de artigos cient\u00edficos escritos em ingl\u00eas inclui duas revis\u00f5es, ambas feitas por tradutores nativos e\u00a0 qualificados. Tamb\u00e9m fornecemos uma declara\u00e7\u00e3o de revis\u00e3o para ser enviada \u00e0 revista junto com o artigo, e assist\u00eancia p\u00f3s-revis\u00e3o, ambas inclusas no pre\u00e7o (ser\u00e3o cobradas apenas altera\u00e7\u00f5es acima de 10% da contagem or\u00e7ada, ou seja, para um artigo de 4.000 palavras voc\u00ea ter\u00e1 direito \u00e0 tradu\u00e7\u00e3o ou revis\u00e3o de 400 palavras novas sem custo adicional)<\/p><p>O nosso pre\u00e7o padr\u00e3o para a revis\u00e3o \u00e9 de 19 centavos por palavra. Por\u00e9m, podemos oferecer um desconto de acordo com a qualidade do ingl\u00eas original, e tamb\u00e9m oferecemos <a href=\"https:\/\/traduciencia.com.br\/site\/parceria\/\">condi\u00e7\u00f5es especiais<\/a> para clientes no seu primeiro servi\u00e7o conosco, autores de algumas revistas cient\u00edficas espec\u00edficas e estudantes e professores de determinados programas de p\u00f3s-gradua\u00e7\u00e3o ou grupos de pesquisa.<\/p><p>Ao pedir um or\u00e7amento \u00e9 necess\u00e1rio enviar o artigo em quest\u00e3o para que possamos avali\u00e1-lo e fazer a contagem das palavras, pois geralmente h\u00e1 elementos que n\u00e3o devem ser inclu\u00eddos no c\u00e1lculo, como lista de refer\u00eancias, n\u00fameros nas tabelas, dados dos autores, etc. A qualidade do ingl\u00eas tamb\u00e9m ser\u00e1 avaliada, pois podemos conceder desconto de acordo com o n\u00edvel desta.<\/p><p>Quanto ao pagamento, pedimos 50% do valor com anteced\u00eancia; terminado o trabalho, entramos em contato para solicitar o saldo e enviar o artigo e certificado, que ser\u00e3o encaminhados assim que recebermos a confirma\u00e7\u00e3o de pagamento. Este pode ser feito atrav\u00e9s de dep\u00f3sito, transfer\u00eancia, PIX, PayPal ou boleto banc\u00e1rio. No caso de pagamentos efetuados por institui\u00e7\u00f5es de ensino\/funda\u00e7\u00f5es, as condi\u00e7\u00f5es podem ser negociadas\u00a0 de acordo com os procedimentos da institui\u00e7\u00e3o em quest\u00e3o.<\/p>\t\t\t\t\t\t<\/div>\n\t\t\t\t<\/div>\n\t\t\t\t<\/div>\n\t\t\t\t<\/div>\n\t\t","protected":false},"excerpt":{"rendered":"<p>O servi\u00e7o de revis\u00e3o de artigos cient\u00edficos escritos em ingl\u00eas inclui duas revis\u00f5es, ambas feitas por tradutores nativos e\u00a0 qualificados. Tamb\u00e9m fornecemos uma declara\u00e7\u00e3o de revis\u00e3o para ser enviada \u00e0 revista junto com o artigo, e assist\u00eancia p\u00f3s-revis\u00e3o, ambas inclusas no pre\u00e7o (ser\u00e3o cobradas apenas altera\u00e7\u00f5es acima de 10% da contagem or\u00e7ada, ou seja, para&hellip;<\/p>\n","protected":false},"author":1,"featured_media":0,"parent":0,"menu_order":0,"comment_status":"closed","ping_status":"closed","template":"","meta":{"_joinchat":[],"footnotes":""},"class_list":["post-21024","page","type-page","status-publish","hentry"],"_links":{"self":[{"href":"https:\/\/traduciencia.com.br\/site\/wp-json\/wp\/v2\/pages\/21024","targetHints":{"allow":["GET"]}}],"collection":[{"href":"https:\/\/traduciencia.com.br\/site\/wp-json\/wp\/v2\/pages"}],"about":[{"href":"https:\/\/traduciencia.com.br\/site\/wp-json\/wp\/v2\/types\/page"}],"author":[{"embeddable":true,"href":"https:\/\/traduciencia.com.br\/site\/wp-json\/wp\/v2\/users\/1"}],"replies":[{"embeddable":true,"href":"https:\/\/traduciencia.com.br\/site\/wp-json\/wp\/v2\/comments?post=21024"}],"version-history":[{"count":70,"href":"https:\/\/traduciencia.com.br\/site\/wp-json\/wp\/v2\/pages\/21024\/revisions"}],"predecessor-version":[{"id":22654,"href":"https:\/\/traduciencia.com.br\/site\/wp-json\/wp\/v2\/pages\/21024\/revisions\/22654"}],"wp:attachment":[{"href":"https:\/\/traduciencia.com.br\/site\/wp-json\/wp\/v2\/media?parent=21024"}],"curies":[{"name":"wp","href":"https:\/\/api.w.org\/{rel}","templated":true}]}}