{"id":21051,"date":"2024-10-15T19:15:27","date_gmt":"2024-10-15T22:15:27","guid":{"rendered":"https:\/\/traduciencia.com.br\/site\/assistencia-pos-traducao-copy\/"},"modified":"2024-10-28T15:22:03","modified_gmt":"2024-10-28T18:22:03","slug":"declaracao-de-traducao","status":"publish","type":"page","link":"https:\/\/traduciencia.com.br\/site\/declaracao-de-traducao\/","title":{"rendered":"Declara\u00e7\u00e3o de Tradu\u00e7\u00e3o"},"content":{"rendered":"\t\t<div data-elementor-type=\"wp-page\" data-elementor-id=\"21051\" class=\"elementor elementor-21051\" data-elementor-post-type=\"page\">\n\t\t\t\t<div class=\"elementor-element elementor-element-598a8fc e-con-full e-flex e-con e-parent\" data-id=\"598a8fc\" data-element_type=\"container\">\n\t\t\t\t<div class=\"elementor-element elementor-element-64401ae content-align-center elementor-hidden-desktop the7-hover-visibility-disabled transform-overlay-yes exceeding-frame-yes elementor-widget elementor-widget-the7-image-widget\" data-id=\"64401ae\" data-element_type=\"widget\" data-settings=\"{&quot;hover_visibility&quot;:&quot;disabled&quot;}\" data-widget_type=\"the7-image-widget.default\">\n\t\t\t\t<div class=\"elementor-widget-container\">\n\t\t\t<div class=\"the7-image-container\"><div class=\"the7-image-wrapper the7-elementor-widget the7-transform-container\"><a class=\"post-thumbnail-rollover layzr-bg img-css-resize-wrapper\" href=\"https:\/\/traduciencia.com.br\/site\/assistencia-pos-traducao\/\"><img fetchpriority=\"high\" decoding=\"async\" width=\"600\" height=\"600\" src=\"data:image\/svg+xml,%3Csvg%20xmlns%3D&#039;http%3A%2F%2Fwww.w3.org%2F2000%2Fsvg&#039;%20viewBox%3D&#039;0%200%20600%20600&#039;%2F%3E\" class=\"attachment-full size-full preload-me aspect lazy lazy-load\" alt=\"\" sizes=\"(max-width: 600px) 100vw, 600px\" style=\"--ratio: 600 \/ 600;\" data-src=\"https:\/\/traduciencia.com.br\/site\/wp-content\/uploads\/2024\/10\/assistenciA.png\" loading=\"eager\" data-srcset=\"https:\/\/traduciencia.com.br\/site\/wp-content\/uploads\/2024\/10\/assistenciA.png 600w, https:\/\/traduciencia.com.br\/site\/wp-content\/uploads\/2024\/10\/assistenciA-300x300.png 300w, https:\/\/traduciencia.com.br\/site\/wp-content\/uploads\/2024\/10\/assistenciA-150x150.png 150w\" \/><\/a><\/div><\/div>\t\t<\/div>\n\t\t\t\t<\/div>\n\t\t\t\t<div class=\"elementor-element elementor-element-7395242 elementor-widget elementor-widget-text-editor\" data-id=\"7395242\" data-element_type=\"widget\" data-widget_type=\"text-editor.default\">\n\t\t\t\t<div class=\"elementor-widget-container\">\n\t\t\t\t\t\t\t<p>A declara\u00e7\u00e3o de tradu\u00e7\u00e3o ou revis\u00e3o \u00e9 um documento que fornecemos sem custo adicional, para atestar que o artigo foi traduzido e\/ou revisado por tradutores experientes e nativos na l\u00edngua inglesa. \u00c9 emitida em papel timbrado da empresa, assinada e carimbada, e enviada junto com a vers\u00e3o final do seu artigo.<\/p><p>Este documento s\u00f3 \u00e9 fornecido quando fazemos a tradu\u00e7\u00e3o ou revis\u00e3o do artigo todo, incluindo tabelas e figuras e suas legendas e t\u00edtulos.<\/p>\t\t\t\t\t\t<\/div>\n\t\t\t\t<\/div>\n\t\t\t\t<div class=\"elementor-element elementor-element-67165a9 elementor-widget elementor-widget-spacer\" data-id=\"67165a9\" data-element_type=\"widget\" data-widget_type=\"spacer.default\">\n\t\t\t\t<div class=\"elementor-widget-container\">\n\t\t\t\t\t<div class=\"elementor-spacer\">\n\t\t\t<div class=\"elementor-spacer-inner\"><\/div>\n\t\t<\/div>\n\t\t\t\t<\/div>\n\t\t\t\t<\/div>\n\t\t\t\t<\/div>\n\t\t\t\t<\/div>\n\t\t","protected":false},"excerpt":{"rendered":"<p>A declara\u00e7\u00e3o de tradu\u00e7\u00e3o ou revis\u00e3o \u00e9 um documento que fornecemos sem custo adicional, para atestar que o artigo foi traduzido e\/ou revisado por tradutores experientes e nativos na l\u00edngua inglesa. \u00c9 emitida em papel timbrado da empresa, assinada e carimbada, e enviada junto com a vers\u00e3o final do seu artigo. Este documento s\u00f3 \u00e9&hellip;<\/p>\n","protected":false},"author":1,"featured_media":0,"parent":0,"menu_order":0,"comment_status":"closed","ping_status":"closed","template":"","meta":{"_joinchat":[],"footnotes":""},"class_list":["post-21051","page","type-page","status-publish","hentry"],"_links":{"self":[{"href":"https:\/\/traduciencia.com.br\/site\/wp-json\/wp\/v2\/pages\/21051","targetHints":{"allow":["GET"]}}],"collection":[{"href":"https:\/\/traduciencia.com.br\/site\/wp-json\/wp\/v2\/pages"}],"about":[{"href":"https:\/\/traduciencia.com.br\/site\/wp-json\/wp\/v2\/types\/page"}],"author":[{"embeddable":true,"href":"https:\/\/traduciencia.com.br\/site\/wp-json\/wp\/v2\/users\/1"}],"replies":[{"embeddable":true,"href":"https:\/\/traduciencia.com.br\/site\/wp-json\/wp\/v2\/comments?post=21051"}],"version-history":[{"count":88,"href":"https:\/\/traduciencia.com.br\/site\/wp-json\/wp\/v2\/pages\/21051\/revisions"}],"predecessor-version":[{"id":22272,"href":"https:\/\/traduciencia.com.br\/site\/wp-json\/wp\/v2\/pages\/21051\/revisions\/22272"}],"wp:attachment":[{"href":"https:\/\/traduciencia.com.br\/site\/wp-json\/wp\/v2\/media?parent=21051"}],"curies":[{"name":"wp","href":"https:\/\/api.w.org\/{rel}","templated":true}]}}