{"id":21098,"date":"2024-10-15T19:45:07","date_gmt":"2024-10-15T22:45:07","guid":{"rendered":"https:\/\/traduciencia.com.br\/site\/declaracao-de-traducao-copy\/"},"modified":"2024-10-28T15:26:07","modified_gmt":"2024-10-28T18:26:07","slug":"deposito-para-trabalhos-futuros","status":"publish","type":"page","link":"https:\/\/traduciencia.com.br\/site\/deposito-para-trabalhos-futuros\/","title":{"rendered":"Dep\u00f3sito para Trabalhos Futuros"},"content":{"rendered":"\t\t<div data-elementor-type=\"wp-page\" data-elementor-id=\"21098\" class=\"elementor elementor-21098\" data-elementor-post-type=\"page\">\n\t\t\t\t<div class=\"elementor-element elementor-element-598a8fc e-con-full e-flex e-con e-parent\" data-id=\"598a8fc\" data-element_type=\"container\">\n\t\t\t\t<div class=\"elementor-element elementor-element-64401ae content-align-center elementor-hidden-desktop the7-hover-visibility-disabled transform-overlay-yes exceeding-frame-yes elementor-widget elementor-widget-the7-image-widget\" data-id=\"64401ae\" data-element_type=\"widget\" data-settings=\"{&quot;hover_visibility&quot;:&quot;disabled&quot;}\" data-widget_type=\"the7-image-widget.default\">\n\t\t\t\t<div class=\"elementor-widget-container\">\n\t\t\t<div class=\"the7-image-container\"><div class=\"the7-image-wrapper the7-elementor-widget the7-transform-container\"><div class=\"post-thumbnail-rollover layzr-bg img-css-resize-wrapper\"><img fetchpriority=\"high\" decoding=\"async\" width=\"600\" height=\"600\" src=\"data:image\/svg+xml,%3Csvg%20xmlns%3D&#039;http%3A%2F%2Fwww.w3.org%2F2000%2Fsvg&#039;%20viewBox%3D&#039;0%200%20600%20600&#039;%2F%3E\" class=\"attachment-full size-full preload-me aspect lazy lazy-load\" alt=\"\" sizes=\"(max-width: 600px) 100vw, 600px\" style=\"--ratio: 600 \/ 600;\" data-src=\"https:\/\/traduciencia.com.br\/site\/wp-content\/uploads\/2024\/10\/deposito-fut.png\" loading=\"eager\" data-srcset=\"https:\/\/traduciencia.com.br\/site\/wp-content\/uploads\/2024\/10\/deposito-fut.png 600w, https:\/\/traduciencia.com.br\/site\/wp-content\/uploads\/2024\/10\/deposito-fut-300x300.png 300w, https:\/\/traduciencia.com.br\/site\/wp-content\/uploads\/2024\/10\/deposito-fut-150x150.png 150w\" \/><\/div><\/div><\/div>\t\t<\/div>\n\t\t\t\t<\/div>\n\t\t\t\t<div class=\"elementor-element elementor-element-837b782 elementor-widget elementor-widget-text-editor\" data-id=\"837b782\" data-element_type=\"widget\" data-widget_type=\"text-editor.default\">\n\t\t\t\t<div class=\"elementor-widget-container\">\n\t\t\t\t\t\t\t<p>Com a atual escassez de financiamento para pesquisas, entendemos o quanto \u00e9 importante maximizar as verbas dispon\u00edveis! Para os autores que se encontram na situa\u00e7\u00e3o de ter recursos para tradu\u00e7\u00f5es e revis\u00f5es pr\u00f3ximos de vencer e ainda n\u00e3o ter os artigos prontos, a Traduci\u00eancia oferece a possibilidade de receber essas verbas, emitir uma nota fiscal eletr\u00f4nica para comprovar o uso para fins de tradu\u00e7\u00e3o, e mant\u00ea-las como cr\u00e9dito para trabalhos futuros. Desta forma os autores ter\u00e3o a tranquilidade de desenvolver suas pesquisas e preparar os manuscritos sem se preocupar com a possibilidade de perder estes valiosos recursos.<\/p><p>Para maiores informa\u00e7\u00f5es, entre em contato conosco no e-mail <a href=\"mailto:contato@traduciencia.com.br\">contato@traduciencia.com.br<\/a><\/p>\t\t\t\t\t\t<\/div>\n\t\t\t\t<\/div>\n\t\t\t\t<div class=\"elementor-element elementor-element-b8de5ba elementor-widget elementor-widget-spacer\" data-id=\"b8de5ba\" data-element_type=\"widget\" data-widget_type=\"spacer.default\">\n\t\t\t\t<div class=\"elementor-widget-container\">\n\t\t\t\t\t<div class=\"elementor-spacer\">\n\t\t\t<div class=\"elementor-spacer-inner\"><\/div>\n\t\t<\/div>\n\t\t\t\t<\/div>\n\t\t\t\t<\/div>\n\t\t\t\t<\/div>\n\t\t\t\t<\/div>\n\t\t","protected":false},"excerpt":{"rendered":"<p>Com a atual escassez de financiamento para pesquisas, entendemos o quanto \u00e9 importante maximizar as verbas dispon\u00edveis! Para os autores que se encontram na situa\u00e7\u00e3o de ter recursos para tradu\u00e7\u00f5es e revis\u00f5es pr\u00f3ximos de vencer e ainda n\u00e3o ter os artigos prontos, a Traduci\u00eancia oferece a possibilidade de receber essas verbas, emitir uma nota fiscal&hellip;<\/p>\n","protected":false},"author":1,"featured_media":0,"parent":0,"menu_order":0,"comment_status":"closed","ping_status":"closed","template":"","meta":{"_joinchat":[],"footnotes":""},"class_list":["post-21098","page","type-page","status-publish","hentry"],"_links":{"self":[{"href":"https:\/\/traduciencia.com.br\/site\/wp-json\/wp\/v2\/pages\/21098","targetHints":{"allow":["GET"]}}],"collection":[{"href":"https:\/\/traduciencia.com.br\/site\/wp-json\/wp\/v2\/pages"}],"about":[{"href":"https:\/\/traduciencia.com.br\/site\/wp-json\/wp\/v2\/types\/page"}],"author":[{"embeddable":true,"href":"https:\/\/traduciencia.com.br\/site\/wp-json\/wp\/v2\/users\/1"}],"replies":[{"embeddable":true,"href":"https:\/\/traduciencia.com.br\/site\/wp-json\/wp\/v2\/comments?post=21098"}],"version-history":[{"count":64,"href":"https:\/\/traduciencia.com.br\/site\/wp-json\/wp\/v2\/pages\/21098\/revisions"}],"predecessor-version":[{"id":22279,"href":"https:\/\/traduciencia.com.br\/site\/wp-json\/wp\/v2\/pages\/21098\/revisions\/22279"}],"wp:attachment":[{"href":"https:\/\/traduciencia.com.br\/site\/wp-json\/wp\/v2\/media?parent=21098"}],"curies":[{"name":"wp","href":"https:\/\/api.w.org\/{rel}","templated":true}]}}