{"id":21109,"date":"2024-10-15T19:54:51","date_gmt":"2024-10-15T22:54:51","guid":{"rendered":"https:\/\/traduciencia.com.br\/site\/deposito-para-trabalhos-futuros-copy\/"},"modified":"2025-04-24T12:32:53","modified_gmt":"2025-04-24T15:32:53","slug":"parceria","status":"publish","type":"page","link":"https:\/\/traduciencia.com.br\/site\/parceria\/","title":{"rendered":"Parcerias"},"content":{"rendered":"\t\t<div data-elementor-type=\"wp-page\" data-elementor-id=\"21109\" class=\"elementor elementor-21109\" data-elementor-post-type=\"page\">\n\t\t\t\t<div class=\"elementor-element elementor-element-598a8fc e-con-full e-flex e-con e-parent\" data-id=\"598a8fc\" data-element_type=\"container\">\n\t\t\t\t<div class=\"elementor-element elementor-element-64401ae content-align-center elementor-hidden-desktop the7-hover-visibility-disabled transform-overlay-yes exceeding-frame-yes elementor-widget elementor-widget-the7-image-widget\" data-id=\"64401ae\" data-element_type=\"widget\" data-settings=\"{&quot;hover_visibility&quot;:&quot;disabled&quot;}\" data-widget_type=\"the7-image-widget.default\">\n\t\t\t\t<div class=\"elementor-widget-container\">\n\t\t\t<div class=\"the7-image-container\"><div class=\"the7-image-wrapper the7-elementor-widget the7-transform-container\"><div class=\"post-thumbnail-rollover layzr-bg img-css-resize-wrapper\"><img fetchpriority=\"high\" decoding=\"async\" width=\"600\" height=\"600\" src=\"data:image\/svg+xml,%3Csvg%20xmlns%3D&#039;http%3A%2F%2Fwww.w3.org%2F2000%2Fsvg&#039;%20viewBox%3D&#039;0%200%20600%20600&#039;%2F%3E\" class=\"attachment-full size-full preload-me aspect lazy lazy-load\" alt=\"\" sizes=\"(max-width: 600px) 100vw, 600px\" style=\"--ratio: 600 \/ 600;\" data-src=\"https:\/\/traduciencia.com.br\/site\/wp-content\/uploads\/2024\/10\/parceria.png\" loading=\"eager\" data-srcset=\"https:\/\/traduciencia.com.br\/site\/wp-content\/uploads\/2024\/10\/parceria.png 600w, https:\/\/traduciencia.com.br\/site\/wp-content\/uploads\/2024\/10\/parceria-300x300.png 300w, https:\/\/traduciencia.com.br\/site\/wp-content\/uploads\/2024\/10\/parceria-150x150.png 150w\" \/><\/div><\/div><\/div>\t\t<\/div>\n\t\t\t\t<\/div>\n\t\t\t\t<div class=\"elementor-element elementor-element-c9a9a6c elementor-widget elementor-widget-text-editor\" data-id=\"c9a9a6c\" data-element_type=\"widget\" data-widget_type=\"text-editor.default\">\n\t\t\t\t<div class=\"elementor-widget-container\">\n\t\t\t\t\t\t\t<p>Temos orgulho dos relacionamentos de longa data que constru\u00edmos com nossos clientes de diversas institui\u00e7\u00f5es de ensino, programas de p\u00f3s-gradua\u00e7\u00e3o, laborat\u00f3rios e empresas, al\u00e9m do credenciamento junto \u00e0 v\u00e1rias revistas cient\u00edficas de alto impacto. Por isso oferecemos descontos especiais para autores de alguns peri\u00f3dicos espec\u00edficos e alunos e professores de determinados programas de p\u00f3s-gradua\u00e7\u00e3o e laborat\u00f3rios de pesquisa.<\/p><p>Estamos sempre em busca de expans\u00e3o das nossas parcerias, ent\u00e3o caso voc\u00ea seja integrante de um grupo de pesquisa ou docente de um programa de p\u00f3s-gradua\u00e7\u00e3o e gostaria de usufuir deste benef\u00edcio, entre em contato conosco para maiores informa\u00e7\u00f5es.<\/p>\t\t\t\t\t\t<\/div>\n\t\t\t\t<\/div>\n\t\t\t\t<\/div>\n\t\t<div class=\"elementor-element elementor-element-753b9ce e-con-full e-flex e-con e-parent\" data-id=\"753b9ce\" data-element_type=\"container\">\n\t\t<div class=\"elementor-element elementor-element-75c29e6 e-con-full e-flex e-con e-child\" data-id=\"75c29e6\" data-element_type=\"container\">\n\t\t\t\t<div class=\"elementor-element elementor-element-bd378f1 elementor-widget-mobile__width-initial elementor-widget elementor-widget-text-editor\" data-id=\"bd378f1\" data-element_type=\"widget\" data-widget_type=\"text-editor.default\">\n\t\t\t\t<div class=\"elementor-widget-container\">\n\t\t\t\t\t\t\t<p><strong>Revistas Beneficiadas<\/strong><\/p><p>Caatinga<br \/>Ci\u00eancia Rural<br \/>Semina Ci\u00eancias Agr\u00e1rias<br \/>Fisioterapia em Movimento<br \/>Revista PAT (Pesquisa Agropecu\u00e1ria Tropical)<br \/>Revista Agriambi<br \/>Revista Agroambiente Online<br \/>Ci\u00eancia Florestal<br \/>Journal of Seed Science &#8211; JSS<\/p>\t\t\t\t\t\t<\/div>\n\t\t\t\t<\/div>\n\t\t\t\t<\/div>\n\t\t<div class=\"elementor-element elementor-element-44c36c8 e-con-full e-flex e-con e-child\" data-id=\"44c36c8\" data-element_type=\"container\">\n\t\t\t\t<div class=\"elementor-element elementor-element-bdab785 elementor-widget-mobile__width-initial elementor-widget elementor-widget-text-editor\" data-id=\"bdab785\" data-element_type=\"widget\" data-widget_type=\"text-editor.default\">\n\t\t\t\t<div class=\"elementor-widget-container\">\n\t\t\t\t\t\t\t<p><strong>Programas e Laborat\u00f3rios<\/strong><\/p><p>PPG em Ci\u00eancias da Reabilita\u00e7\u00e3o da USP<br \/>LaBiMPH &#8211; Laborat\u00f3rio de Biomec\u00e2nica do Movimento e Postura Humana<br \/>Programa em Produ\u00e7\u00e3o Vegetal do IFTM<br \/>PPG em Engenharia Civil da UENF<br \/>Laborat\u00f3rio NERDES da UFRJ<br \/>Programa de P\u00f3s-Gradua\u00e7\u00e3o em Ci\u00eancias da Reabilita\u00e7\u00e3o (PPGCR) da UnB<br \/>Programa de Engenharia Ambiental da UFRJ<br \/>Programa de P\u00f3s-Gradu\u00e7\u00e3o em Gen\u00e9tica e Melhoramento de Plantas (PGGMP) da UENF)<\/p>\t\t\t\t\t\t<\/div>\n\t\t\t\t<\/div>\n\t\t\t\t<\/div>\n\t\t\t\t<\/div>\n\t\t\t\t<\/div>\n\t\t","protected":false},"excerpt":{"rendered":"<p>Temos orgulho dos relacionamentos de longa data que constru\u00edmos com nossos clientes de diversas institui\u00e7\u00f5es de ensino, programas de p\u00f3s-gradua\u00e7\u00e3o, laborat\u00f3rios e empresas, al\u00e9m do credenciamento junto \u00e0 v\u00e1rias revistas cient\u00edficas de alto impacto. Por isso oferecemos descontos especiais para autores de alguns peri\u00f3dicos espec\u00edficos e alunos e professores de determinados programas de p\u00f3s-gradua\u00e7\u00e3o e&hellip;<\/p>\n","protected":false},"author":1,"featured_media":0,"parent":0,"menu_order":0,"comment_status":"closed","ping_status":"closed","template":"","meta":{"_joinchat":[],"footnotes":""},"class_list":["post-21109","page","type-page","status-publish","hentry"],"_links":{"self":[{"href":"https:\/\/traduciencia.com.br\/site\/wp-json\/wp\/v2\/pages\/21109","targetHints":{"allow":["GET"]}}],"collection":[{"href":"https:\/\/traduciencia.com.br\/site\/wp-json\/wp\/v2\/pages"}],"about":[{"href":"https:\/\/traduciencia.com.br\/site\/wp-json\/wp\/v2\/types\/page"}],"author":[{"embeddable":true,"href":"https:\/\/traduciencia.com.br\/site\/wp-json\/wp\/v2\/users\/1"}],"replies":[{"embeddable":true,"href":"https:\/\/traduciencia.com.br\/site\/wp-json\/wp\/v2\/comments?post=21109"}],"version-history":[{"count":202,"href":"https:\/\/traduciencia.com.br\/site\/wp-json\/wp\/v2\/pages\/21109\/revisions"}],"predecessor-version":[{"id":22707,"href":"https:\/\/traduciencia.com.br\/site\/wp-json\/wp\/v2\/pages\/21109\/revisions\/22707"}],"wp:attachment":[{"href":"https:\/\/traduciencia.com.br\/site\/wp-json\/wp\/v2\/media?parent=21109"}],"curies":[{"name":"wp","href":"https:\/\/api.w.org\/{rel}","templated":true}]}}